{"id":54,"date":"2015-12-17T19:47:21","date_gmt":"2015-12-17T18:47:21","guid":{"rendered":"http:\/\/walthermeskendahl.com\/de\/?page_id=54"},"modified":"2017-10-30T16:03:21","modified_gmt":"2017-10-30T15:03:21","slug":"zusatzleistungen","status":"publish","type":"page","link":"https:\/\/walthermeskendahl.com\/de\/zusatzleistungen\/","title":{"rendered":"Leistungen"},"content":{"rendered":"<p><a href=\"https:\/\/walthermeskendahl.com\/de\/zusatzleistungen\/modellbau\/\">Modellbau<\/a><br \/>\nIn unserem eigenen Modellbau der <a href=\"http:\/\/www.giemotec.de\" target=\"_blank\" rel=\"noopener noreferrer\">GieMoTec GmbH<\/a> \u00fcbernehmen wir\u00a0f\u00fcr Sie die Fertigung, Reparatur und \u00c4nderung von Modelleinrichtungen aus Holz, Metall, Kunststoff und Polystyrol nach Ihren Zeichnungen in traditioneller Handwerksbauweise<br \/>\nsowie auf unseren modernen CNC-Fr\u00e4smaschinen.<\/p>\n<div class=\"hrule clearfix\"><\/div>\n<p>&nbsp;<\/p>\n<p><a href=\"https:\/\/walthermeskendahl.com\/de\/konstruktion\/\">Werkstoff- \/ Konstruktionsberatung<\/a><br \/>\nBei der Auswahl eines geeigneten Werkstoffes sowie bei der Optimierung der Konstruktion stehen wir Ihnen bei Bedarf hilfreich durch unser \u00fcber 100 j\u00e4hriges Knowhow und mit modernsten Computerprogrammen zur Seite.<\/p>\n<div class=\"hrule clearfix\"><\/div>\n<p>&nbsp;<\/p>\n<p><a href=\"https:\/\/walthermeskendahl.com\/de\/bearbeiten\/\">Mechanische Bearbeitung<\/a><br \/>\nDas mechanische Bearbeiten der Rohgu\u00dfteile nach Ihren Zeichnungen erfolgt mit CNC gesteuerten Dreh- und Fr\u00e4sanlagen.<br \/>\nSo sind wir in der Lage Dreh- und Fr\u00e4steile bis zu einem Durchmesser von 8000 mm und einem St\u00fcckgewicht von max. 100.000 kg zu bearbeiten, zum Beispiel als Zahnkr\u00e4nze inklusive der Verzahnung oder Laufringe f\u00fcr Trommeltrockner und Drehrohr\u00f6fen oder als Getriebegeh\u00e4use zu fertigen.<\/p>\n<div class=\"hrule clearfix\"><\/div>\n<p>&nbsp;<\/p>\n<p><a href=\"https:\/\/walthermeskendahl.com\/de\/zusatzleistungen\/waermebehandlung\/\">W\u00e4rmebehandlungen<\/a><br \/>\nWir f\u00fchren f\u00fcr Sie auch folgende W\u00e4rmebehandlungen aus:<br \/>\nSpannungsarmgl\u00fchen, Normalisieren, Verg\u00fcten und H\u00e4rten<\/p>\n<div class=\"hrule clearfix\"><\/div>\n<p>&nbsp;<\/p>\n<p>Oberfl\u00e4chenbehandlung<br \/>\nOb roh gegossen, geputzt, gesandstrahlt, grundiert, poliert, eloxiert, lackiert, vernickelt, verzinkt oder pulverbeschichtet, ganz nach Ihren Erfordernissen.<\/p>\n<div class=\"hrule clearfix\"><\/div>\n<p>&nbsp;<\/p>\n<p><a href=\"https:\/\/walthermeskendahl.com\/de\/materialpruefungen\/\">Qualit\u00e4tspr\u00fcfung<\/a><br \/>\nZerst\u00f6rende und zerst\u00f6rungsfreie Werkstoffpr\u00fcfungen, Ma\u00dfprotokolle und das Erstellen von Pr\u00fcfzeugnissen geh\u00f6ren selbstverst\u00e4ndlich mit zu unserem Service.<\/p>\n<div class=\"hrule clearfix\"><\/div>\n<p>&nbsp;<\/p>\n<p>Lagerung und Transport<br \/>\nEinlagerungen bei Abschluss von langfristigen Rahmenvertr\u00e4gen \u00fcbernehmen wir gerne, ebenso die Koordination Ihres Transportes und auch die termingerechte Zustellung.<\/p>\n","protected":false},"excerpt":{"rendered":"<p>Modellbau In unserem eigenen Modellbau der GieMoTec GmbH \u00fcbernehmen wir\u00a0f\u00fcr Sie die Fertigung, Reparatur und \u00c4nderung von Modelleinrichtungen aus Holz, Metall, Kunststoff und Polystyrol nach Ihren Zeichnungen in traditioneller Handwerksbauweise sowie auf unseren modernen CNC-Fr\u00e4smaschinen. &nbsp; Werkstoff- \/ Konstruktionsberatung Bei &hellip; <a href=\"https:\/\/walthermeskendahl.com\/de\/zusatzleistungen\/\">Weiter<\/a><\/p>\n","protected":false},"author":1,"featured_media":0,"parent":0,"menu_order":5,"comment_status":"closed","ping_status":"closed","template":"","meta":{"footnotes":""},"class_list":["post-54","page","type-page","status-publish","hentry"],"_links":{"self":[{"href":"https:\/\/walthermeskendahl.com\/de\/wp-json\/wp\/v2\/pages\/54","targetHints":{"allow":["GET"]}}],"collection":[{"href":"https:\/\/walthermeskendahl.com\/de\/wp-json\/wp\/v2\/pages"}],"about":[{"href":"https:\/\/walthermeskendahl.com\/de\/wp-json\/wp\/v2\/types\/page"}],"author":[{"embeddable":true,"href":"https:\/\/walthermeskendahl.com\/de\/wp-json\/wp\/v2\/users\/1"}],"replies":[{"embeddable":true,"href":"https:\/\/walthermeskendahl.com\/de\/wp-json\/wp\/v2\/comments?post=54"}],"version-history":[{"count":10,"href":"https:\/\/walthermeskendahl.com\/de\/wp-json\/wp\/v2\/pages\/54\/revisions"}],"predecessor-version":[{"id":364,"href":"https:\/\/walthermeskendahl.com\/de\/wp-json\/wp\/v2\/pages\/54\/revisions\/364"}],"wp:attachment":[{"href":"https:\/\/walthermeskendahl.com\/de\/wp-json\/wp\/v2\/media?parent=54"}],"curies":[{"name":"wp","href":"https:\/\/api.w.org\/{rel}","templated":true}]}}